{"id":2234,"date":"2020-03-30T21:58:44","date_gmt":"2020-03-30T20:58:44","guid":{"rendered":"https:\/\/www.selfdrive-4wdmadatours.com\/?page_id=2234"},"modified":"2026-03-26T12:07:50","modified_gmt":"2026-03-26T12:07:50","slug":"itinerary-madagascar","status":"publish","type":"page","link":"https:\/\/www.selfdrive-4wdmadatours.com\/?page_id=2234","title":{"rendered":"Our Tours"},"content":{"rendered":"[vc_row][vc_column]<div class=\"widget widget-sidebar \"><div class=\"s-title\"><h2>Explore our latest tours<\/h2><\/div><div class=\"deals\"><div class=\"row\"><article data-tour-id=\"273\" class=\"tour_item one-fourth\"><div><a href=\"https:\/\/www.selfdrive-4wdmadatours.com\/?tour=train-of-manakara\" title=\"SOUTH-EAST BY GREEN TRAIN\"><figure><img loading=\"lazy\" decoding=\"async\" width=\"400\" height=\"300\" src=\"https:\/\/www.selfdrive-4wdmadatours.com\/wp-content\/uploads\/2017\/05\/1-TRAIN-MANAKARA-400x300.jpg\" class=\"attachment-thumbnail size-thumbnail wp-post-image\" alt=\"\" title=\"1-TRAIN-MANAKARA\" \/><\/figure><\/a><div class=\"details hide-rating hide-price hide-address \"><div class='item-header'><h3><a href=\"https:\/\/www.selfdrive-4wdmadatours.com\/?tour=train-of-manakara\" title=\"SOUTH-EAST BY GREEN TRAIN\">SOUTH-EAST BY GREEN TRAIN<\/a><\/h3><\/div><div class='description'><p>View the beautiful landscape of the highlands to the southern region of Madagascar.<\/p>\n<\/div><div class='actions'><a href='https:\/\/www.selfdrive-4wdmadatours.com\/?tour=train-of-manakara' class='gradient-button edit-entity'  data-id='273'  title='Book now'>Book now<\/a><\/div><\/div><!--\/\/details--><a href=\"https:\/\/www.selfdrive-4wdmadatours.com\/?tour=train-of-manakara\" class=\"overlay-link\"><\/a><\/div><\/article><!--\/\/tour_item--><article data-tour-id=\"244\" class=\"tour_item one-fourth\"><div><a href=\"https:\/\/www.selfdrive-4wdmadatours.com\/?tour=rainforest-wild-life\" title=\"Rainforest Wild Life\"><figure><img loading=\"lazy\" decoding=\"async\" width=\"400\" height=\"300\" src=\"https:\/\/www.selfdrive-4wdmadatours.com\/wp-content\/uploads\/2017\/04\/rainforest-lemurs-400x300.jpg\" class=\"attachment-thumbnail size-thumbnail wp-post-image\" alt=\"\" title=\"rainforest-lemurs\" \/><\/figure><\/a><div class=\"details hide-rating hide-price hide-address \"><div class='item-header'><h3><a href=\"https:\/\/www.selfdrive-4wdmadatours.com\/?tour=rainforest-wild-life\" title=\"Rainforest Wild Life\">Rainforest Wild Life<\/a><\/h3><\/div><div class='description'><p>Starting from Antananarivo you go down through the forested region around Andasibe<\/p>\n<\/div><div class='actions'><a href='https:\/\/www.selfdrive-4wdmadatours.com\/?tour=rainforest-wild-life' class='gradient-button edit-entity'  data-id='244'  title='Book now'>Book now<\/a><\/div><\/div><!--\/\/details--><a href=\"https:\/\/www.selfdrive-4wdmadatours.com\/?tour=rainforest-wild-life\" class=\"overlay-link\"><\/a><\/div><\/article><!--\/\/tour_item--><article data-tour-id=\"341\" class=\"tour_item one-fourth\"><div><a href=\"https:\/\/www.selfdrive-4wdmadatours.com\/?tour=northern-tours\" title=\"Northern Tours\"><figure><img loading=\"lazy\" decoding=\"async\" width=\"400\" height=\"300\" src=\"https:\/\/www.selfdrive-4wdmadatours.com\/wp-content\/uploads\/2017\/05\/Northern-Tours-400x300.jpg\" class=\"attachment-thumbnail size-thumbnail wp-post-image\" alt=\"\" title=\"Northern Tours\" \/><\/figure><\/a><div class=\"details hide-rating hide-price hide-address \"><div class='item-header'><h3><a href=\"https:\/\/www.selfdrive-4wdmadatours.com\/?tour=northern-tours\" title=\"Northern Tours\">Northern Tours<\/a><\/h3><\/div><div class='description'><p>This tour visits the far North of Madagascar, with the historic town Diego Suarez, formerly the largest French Port in Indian Ocean as well as Grey Tsingy and Unique Red Tsingy.<\/p>\n<\/div><div class='actions'><a href='https:\/\/www.selfdrive-4wdmadatours.com\/?tour=northern-tours' class='gradient-button edit-entity'  data-id='341'  title='Book now'>Book now<\/a><\/div><\/div><!--\/\/details--><a href=\"https:\/\/www.selfdrive-4wdmadatours.com\/?tour=northern-tours\" class=\"overlay-link\"><\/a><\/div><\/article><!--\/\/tour_item--><article data-tour-id=\"246\" class=\"tour_item one-fourth\"><div><a href=\"https:\/\/www.selfdrive-4wdmadatours.com\/?tour=madagascar-highland-first-high-view\" title=\"Madagascar Highland first high view\"><figure><img loading=\"lazy\" decoding=\"async\" width=\"400\" height=\"300\" src=\"https:\/\/www.selfdrive-4wdmadatours.com\/wp-content\/uploads\/2017\/04\/Geyser-and-hot-water-spring-Ampefy-400x300.jpg\" class=\"attachment-thumbnail size-thumbnail wp-post-image\" alt=\"\" title=\"Geyser and hot water spring - Ampefy\" \/><\/figure><\/a><div class=\"details hide-rating hide-price hide-address \"><div class='item-header'><h3><a href=\"https:\/\/www.selfdrive-4wdmadatours.com\/?tour=madagascar-highland-first-high-view\" title=\"Madagascar Highland first high view\">Madagascar Highland first high view<\/a><\/h3><\/div><div class='description'><p>This offers you a tour around the capital (Antananarivo) and if you do not want to drive more than 03 hours this is the tour to choose.<\/p>\n<\/div><div class='actions'><a href='https:\/\/www.selfdrive-4wdmadatours.com\/?tour=madagascar-highland-first-high-view' class='gradient-button edit-entity'  data-id='246'  title='Book now'>Book now<\/a><\/div><\/div><!--\/\/details--><a href=\"https:\/\/www.selfdrive-4wdmadatours.com\/?tour=madagascar-highland-first-high-view\" class=\"overlay-link\"><\/a><\/div><\/article><!--\/\/tour_item--><article data-tour-id=\"320\" class=\"tour_item one-fourth\"><div><a href=\"https:\/\/www.selfdrive-4wdmadatours.com\/?tour=discover-the-indri-indri-town\" title=\"Discover the Indri Indri Town\"><figure><img loading=\"lazy\" decoding=\"async\" width=\"400\" height=\"300\" src=\"https:\/\/www.selfdrive-4wdmadatours.com\/wp-content\/uploads\/2017\/05\/Discover-the-Indri-Indri-Town-400x300.jpg\" class=\"attachment-thumbnail size-thumbnail wp-post-image\" alt=\"\" title=\"Discover the Indri Indri Town\" \/><\/figure><\/a><div class=\"details hide-rating hide-price hide-address \"><div class='item-header'><h3><a href=\"https:\/\/www.selfdrive-4wdmadatours.com\/?tour=discover-the-indri-indri-town\" title=\"Discover the Indri Indri Town\">Discover the Indri Indri Town<\/a><\/h3><\/div><div class='description'><p style=\"text-align: justify\">Andasibe National Park and Mantadia home of the Indri indri; a teddy bear like lemur famous for its size and the magical morning call and the rare black and white ruffed lemurs only seen at Mantadia in a wild.<\/p>\n<\/div><div class='actions'><a href='https:\/\/www.selfdrive-4wdmadatours.com\/?tour=discover-the-indri-indri-town' class='gradient-button edit-entity'  data-id='320'  title='Book now'>Book now<\/a><\/div><\/div><!--\/\/details--><a href=\"https:\/\/www.selfdrive-4wdmadatours.com\/?tour=discover-the-indri-indri-town\" class=\"overlay-link\"><\/a><\/div><\/article><!--\/\/tour_item--><article data-tour-id=\"293\" class=\"tour_item one-fourth\"><div><a href=\"https:\/\/www.selfdrive-4wdmadatours.com\/?tour=dig-out-of-the-manambolo\" title=\"Dig out of the Manambolo\"><figure><div class='promo-ribbon '><span>popular<\/span><\/div><img loading=\"lazy\" decoding=\"async\" width=\"400\" height=\"300\" src=\"https:\/\/www.selfdrive-4wdmadatours.com\/wp-content\/uploads\/2017\/05\/dig-out-of-the-manambolo-400x300.jpg\" class=\"attachment-thumbnail size-thumbnail wp-post-image\" alt=\"\" title=\"dig out of the manambolo\" \/><\/figure><\/a><div class=\"details hide-rating hide-price hide-address \"><div class='item-header'><h3><a href=\"https:\/\/www.selfdrive-4wdmadatours.com\/?tour=dig-out-of-the-manambolo\" title=\"Dig out of the Manambolo\">Dig out of the Manambolo<\/a><\/h3><\/div><div class='description'><p>From the Nationale 1 to the meanders of the Manambolo river, set off on an original journey of unusual discoveries rich in contrasts, crossing the Western Highlands with volcanic landscapes.<\/p>\n<\/div><div class='actions'><a href='https:\/\/www.selfdrive-4wdmadatours.com\/?tour=dig-out-of-the-manambolo' class='gradient-button edit-entity'  data-id='293'  title='Book now'>Book now<\/a><\/div><\/div><!--\/\/details--><a href=\"https:\/\/www.selfdrive-4wdmadatours.com\/?tour=dig-out-of-the-manambolo\" class=\"overlay-link\"><\/a><\/div><\/article><!--\/\/tour_item--><article data-tour-id=\"289\" class=\"tour_item one-fourth\"><div><a href=\"https:\/\/www.selfdrive-4wdmadatours.com\/?tour=deep-madagascar-southern-tours\" title=\"DEEP MADAGASCAR SOUTHERN TOURS\"><figure><img loading=\"lazy\" decoding=\"async\" width=\"400\" height=\"300\" src=\"https:\/\/www.selfdrive-4wdmadatours.com\/wp-content\/uploads\/2017\/05\/DEEP-MADAGASCAR-SOUTHERN-TOURS-400x300.jpg\" class=\"attachment-thumbnail size-thumbnail wp-post-image\" alt=\"\" title=\"DEEP MADAGASCAR SOUTHERN TOURS\" \/><\/figure><\/a><div class=\"details hide-rating hide-price hide-address \"><div class='item-header'><h3><a href=\"https:\/\/www.selfdrive-4wdmadatours.com\/?tour=deep-madagascar-southern-tours\" title=\"DEEP MADAGASCAR SOUTHERN TOURS\">DEEP MADAGASCAR SOUTHERN TOURS<\/a><\/h3><\/div><div class='description'><p>Explore the exciting central and Deep South of Madagascar in a 4x4. For 26 days plunge into a real adventure that will take you to some of Madagascar's most beautiful destinations<\/p>\n<\/div><div class='actions'><a href='https:\/\/www.selfdrive-4wdmadatours.com\/?tour=deep-madagascar-southern-tours' class='gradient-button edit-entity'  data-id='289'  title='Book now'>Book now<\/a><\/div><\/div><!--\/\/details--><a href=\"https:\/\/www.selfdrive-4wdmadatours.com\/?tour=deep-madagascar-southern-tours\" class=\"overlay-link\"><\/a><\/div><\/article><!--\/\/tour_item--><article data-tour-id=\"2366\" class=\"tour_item one-fourth\"><div><a href=\"https:\/\/www.selfdrive-4wdmadatours.com\/?tour=birding-tours\" title=\"Birding Tour\"><figure><img loading=\"lazy\" decoding=\"async\" width=\"400\" height=\"300\" src=\"https:\/\/www.selfdrive-4wdmadatours.com\/wp-content\/uploads\/2020\/04\/Birding-Tours-400x300.jpg\" class=\"attachment-thumbnail size-thumbnail wp-post-image\" alt=\"\" title=\"Malagasy Paradise Flycatcher (Terpsiphone mutata)\" \/><\/figure><\/a><div class=\"details hide-rating hide-price hide-address \"><div class='item-header'><h3><a href=\"https:\/\/www.selfdrive-4wdmadatours.com\/?tour=birding-tours\" title=\"Birding Tour\">Birding Tour<\/a><\/h3><\/div><div class='description'><p>Madagascar\u00a0is the world\u2019s fourth-largest island and is often referred to as the \u201cEighth Continent\u201d.<\/p>\n<\/div><div class='actions'><a href='https:\/\/www.selfdrive-4wdmadatours.com\/?tour=birding-tours' class='gradient-button edit-entity'  data-id='2366'  title='Book now'>Book now<\/a><\/div><\/div><!--\/\/details--><a href=\"https:\/\/www.selfdrive-4wdmadatours.com\/?tour=birding-tours\" class=\"overlay-link\"><\/a><\/div><\/article><!--\/\/tour_item--><article data-tour-id=\"294\" class=\"tour_item one-fourth\"><div><a href=\"https:\/\/www.selfdrive-4wdmadatours.com\/?tour=adventure-in-the-south-of-madagascar\" title=\"Adventure in the South of Madagascar\"><figure><img loading=\"lazy\" decoding=\"async\" width=\"400\" height=\"300\" src=\"https:\/\/www.selfdrive-4wdmadatours.com\/wp-content\/uploads\/2017\/05\/andringitra-400x300.jpg\" class=\"attachment-thumbnail size-thumbnail wp-post-image\" alt=\"\" title=\"andringitra\" \/><\/figure><\/a><div class=\"details hide-rating hide-price hide-address \"><div class='item-header'><h3><a href=\"https:\/\/www.selfdrive-4wdmadatours.com\/?tour=adventure-in-the-south-of-madagascar\" title=\"Adventure in the South of Madagascar\">Adventure in the South of Madagascar<\/a><\/h3><\/div><div class='description'><p>First destination of Madagascar, the South Region is renowned by Massif of Isalo and Andringitra Mountain.<\/p>\n<\/div><div class='actions'><a href='https:\/\/www.selfdrive-4wdmadatours.com\/?tour=adventure-in-the-south-of-madagascar' class='gradient-button edit-entity'  data-id='294'  title='Book now'>Book now<\/a><\/div><\/div><!--\/\/details--><a href=\"https:\/\/www.selfdrive-4wdmadatours.com\/?tour=adventure-in-the-south-of-madagascar\" class=\"overlay-link\"><\/a><\/div><\/article><!--\/\/tour_item--><\/div><!--row--><\/div><!--deals--><\/div>[\/vc_column][\/vc_row][vc_row][vc_column][vc_empty_space][\/vc_column][\/vc_row][vc_row][vc_column][vc_separator][\/vc_column][\/vc_row][vc_row][vc_column][vc_empty_space][\/vc_column][\/vc_row][vc_row][vc_column][vc_column_text css_animation=&#8221;fadeInLeftBig&#8221;]\n<h1 class=\"fittexted_for_content_h3\"><em>What our Clients say about our Services<\/em><\/h1>\n<p>Learn more about our experience and interaction with our clients. Here are some of the comments that our clients have made. Thanks also to all who want to share your satisfaction.[\/vc_column_text][\/vc_column][\/vc_row][vc_row][vc_column][vc_separator][\/vc_column][\/vc_row][vc_row][vc_column][vc_column_text css_animation=&#8221;fadeInLeft&#8221;]<div class=\"tmls tmls_notready tmls_style3_notready style3 large_image \" ><div class=\"tmls_next_prev tmls_visible \">\n\t\t\t\t\t\t\t<a href=\"#\" style=\"background-color:#F5F5F5;\" class=\"tmls_prev large_radius tmls_lightgrayarrows\"><\/a>\n\t\t\t\t\t\t\t<a href=\"#\" style=\"background-color:#F5F5F5;\" class=\"tmls_next large_radius tmls_lightgrayarrows\"><\/a>\n\t\t\t\t\t\t<\/div>\n\t\t\t\t\t\t\n\t\t\t\t\t\t<div class=\"tmls_container tmls_slider\" data-autoplay=\"true\" data-pauseonhover=\"false\" data-scrollduration=\"500\" data-pauseduration=\"9000\" data-transitioneffect=\"crossfade\"><div class=\"tmls_item\" style=\"border-color:#DDDDDD;\">\n\t\t\t\t\n\t\t\t\t<div class=\"tmls_text dialog_box small_radius\" style=\" color:#777777; font-size:14px; background-color:#f5f5f5; border-color:#DDDDDD;\">Nous sommes tr\u00e8s satisfais des services et voyages effectu\u00e9s avec SelfDrive Mada. Ce sont des vraie professionnels du m\u00e9tiers. Merci encore \u00e0 tous<span class=\"tmls_arrow\">\n\t\t\t\t<svg version=\"1.1\" id=\"Layer_1\" xmlns=\"http:\/\/www.w3.org\/2000\/svg\" xmlns:xlink=\"http:\/\/www.w3.org\/1999\/xlink\" x=\"0px\" y=\"0px\"\n\t\t\t\t\t width=\"20px\" height=\"11px\" viewBox=\"0 0 20 11\" enable-background=\"new 0 0 20 11\" xml:space=\"preserve\">\n\t\t\t\t<polygon fill=\"#f5f5f5\" points=\"10,10.05 2,0 10.002,0 18.005,0 \"\/>\n\t\t\t\t<polyline fill=\"none\" stroke=\"#DDDDDD\" stroke-miterlimit=\"10\" points=\"20,0.5 18,0.5 10,10.05 2,0.5 0,0.5 \"\/>\n\t\t\t\t<\/svg>\n\t\t\t\t<\/span><\/div>\n\t\t\t\t\n\t\t\t\t<div class=\"tmls_image_position\">\n\t\t\t\t\t<div class=\"tmls_image large_radius\" style=\"\"><\/div>\n\t\t\t\t\n\t\t\t\t\t<div class=\"tmls_name\" style=\" color:#777777; font-size:15px; font-weight:bold;\">Gilbert<\/div>\n\t\t\t\t\t<div class=\"tmls_position\" style=\" color:#777777; font-size:12px;\">France<\/div>\t<\/div>\n\t\t\t\t\n\n\t\t\t<\/div><\/div><\/div>[\/vc_column_text][\/vc_column][\/vc_row]\n","protected":false},"excerpt":{"rendered":"<p>[vc_row][vc_column][\/vc_column][\/vc_row][vc_row][vc_column][vc_empty_space][\/vc_column][\/vc_row][vc_row][vc_column][vc_separator][\/vc_column][\/vc_row][vc_row][vc_column][vc_empty_space][\/vc_column][\/vc_row][vc_row][vc_column][vc_column_text css_animation=&#8221;fadeInLeftBig&#8221;] What our Clients say about our Services Learn more about our experience and interaction with our clients. Here are some of the comments that our clients have made. Thanks also to all who want to share your satisfaction.[\/vc_column_text][\/vc_column][\/vc_row][vc_row][vc_column][vc_separator][\/vc_column][\/vc_row][vc_row][vc_column][vc_column_text css_animation=&#8221;fadeInLeft&#8221;][\/vc_column_text][\/vc_column][\/vc_row]<\/p>\n","protected":false},"author":2,"featured_media":0,"parent":0,"menu_order":0,"comment_status":"closed","ping_status":"closed","template":"","meta":{"footnotes":""},"class_list":["post-2234","page","type-page","status-publish","hentry"],"yoast_head":"<!-- This site is optimized with the Yoast SEO plugin v27.1.1 - https:\/\/yoast.com\/product\/yoast-seo-wordpress\/ -->\n<title>Itinerary madagascar | Self Drive 4WD Madagascar<\/title>\n<meta name=\"description\" content=\"To Madagascar, the road is an integral part of the trip. Whether you&#039;re looking, we&#039;ve designed suggested itineraries to help you on program.\" \/>\n<meta name=\"robots\" content=\"index, follow, max-snippet:-1, max-image-preview:large, max-video-preview:-1\" \/>\n<link rel=\"canonical\" href=\"https:\/\/www.selfdrive-4wdmadatours.com\/?page_id=2234\" \/>\n<meta property=\"og:locale\" content=\"en_US\" \/>\n<meta property=\"og:type\" content=\"article\" \/>\n<meta property=\"og:title\" content=\"Itinerary madagascar | Self Drive 4WD Madagascar\" \/>\n<meta property=\"og:description\" content=\"To Madagascar, the road is an integral part of the trip. Whether you&#039;re looking, we&#039;ve designed suggested itineraries to help you on program.\" \/>\n<meta property=\"og:url\" content=\"https:\/\/www.selfdrive-4wdmadatours.com\/?page_id=2234\" \/>\n<meta property=\"og:site_name\" content=\"Self Drive 4WD Madagascar\" \/>\n<meta property=\"article:modified_time\" content=\"2026-03-26T12:07:50+00:00\" \/>\n<meta name=\"twitter:card\" content=\"summary_large_image\" \/>\n<meta name=\"twitter:label1\" content=\"Est. reading time\" \/>\n\t<meta name=\"twitter:data1\" content=\"1 minute\" \/>\n<script type=\"application\/ld+json\" class=\"yoast-schema-graph\">{\"@context\":\"https:\/\/schema.org\",\"@graph\":[{\"@type\":\"WebPage\",\"@id\":\"https:\/\/www.selfdrive-4wdmadatours.com\/?page_id=2234\",\"url\":\"https:\/\/www.selfdrive-4wdmadatours.com\/?page_id=2234\",\"name\":\"Itinerary madagascar | Self Drive 4WD Madagascar\",\"isPartOf\":{\"@id\":\"https:\/\/www.selfdrive-4wdmadatours.com\/#website\"},\"datePublished\":\"2020-03-30T20:58:44+00:00\",\"dateModified\":\"2026-03-26T12:07:50+00:00\",\"description\":\"To Madagascar, the road is an integral part of the trip. Whether you're looking, we've designed suggested itineraries to help you on program.\",\"breadcrumb\":{\"@id\":\"https:\/\/www.selfdrive-4wdmadatours.com\/?page_id=2234#breadcrumb\"},\"inLanguage\":\"en-US\",\"potentialAction\":[{\"@type\":\"ReadAction\",\"target\":[\"https:\/\/www.selfdrive-4wdmadatours.com\/?page_id=2234\"]}]},{\"@type\":\"BreadcrumbList\",\"@id\":\"https:\/\/www.selfdrive-4wdmadatours.com\/?page_id=2234#breadcrumb\",\"itemListElement\":[{\"@type\":\"ListItem\",\"position\":1,\"name\":\"Home\",\"item\":\"https:\/\/www.selfdrive-4wdmadatours.com\/\"},{\"@type\":\"ListItem\",\"position\":2,\"name\":\"Our Tours\"}]},{\"@type\":\"WebSite\",\"@id\":\"https:\/\/www.selfdrive-4wdmadatours.com\/#website\",\"url\":\"https:\/\/www.selfdrive-4wdmadatours.com\/\",\"name\":\"Self Drive 4wd Tours Madagascar\",\"description\":\"Beautiful One Day, Perfect The Next\",\"publisher\":{\"@id\":\"https:\/\/www.selfdrive-4wdmadatours.com\/#organization\"},\"alternateName\":\"Madagascar on freedom\",\"potentialAction\":[{\"@type\":\"SearchAction\",\"target\":{\"@type\":\"EntryPoint\",\"urlTemplate\":\"https:\/\/www.selfdrive-4wdmadatours.com\/?s={search_term_string}\"},\"query-input\":{\"@type\":\"PropertyValueSpecification\",\"valueRequired\":true,\"valueName\":\"search_term_string\"}}],\"inLanguage\":\"en-US\"},{\"@type\":\"Organization\",\"@id\":\"https:\/\/www.selfdrive-4wdmadatours.com\/#organization\",\"name\":\"Self Drive 4wd Tours Madagascar\",\"url\":\"https:\/\/www.selfdrive-4wdmadatours.com\/\",\"logo\":{\"@type\":\"ImageObject\",\"inLanguage\":\"en-US\",\"@id\":\"https:\/\/www.selfdrive-4wdmadatours.com\/#\/schema\/logo\/image\/\",\"url\":\"https:\/\/www.selfdrive-4wdmadatours.com\/wp-content\/uploads\/2017\/05\/cropped-logoself-1.jpg\",\"contentUrl\":\"https:\/\/www.selfdrive-4wdmadatours.com\/wp-content\/uploads\/2017\/05\/cropped-logoself-1.jpg\",\"width\":159,\"height\":159,\"caption\":\"Self Drive 4wd Tours Madagascar\"},\"image\":{\"@id\":\"https:\/\/www.selfdrive-4wdmadatours.com\/#\/schema\/logo\/image\/\"}}]}<\/script>\n<!-- \/ Yoast SEO plugin. -->","yoast_head_json":{"title":"Itinerary madagascar | Self Drive 4WD Madagascar","description":"To Madagascar, the road is an integral part of the trip. Whether you're looking, we've designed suggested itineraries to help you on program.","robots":{"index":"index","follow":"follow","max-snippet":"max-snippet:-1","max-image-preview":"max-image-preview:large","max-video-preview":"max-video-preview:-1"},"canonical":"https:\/\/www.selfdrive-4wdmadatours.com\/?page_id=2234","og_locale":"en_US","og_type":"article","og_title":"Itinerary madagascar | Self Drive 4WD Madagascar","og_description":"To Madagascar, the road is an integral part of the trip. Whether you're looking, we've designed suggested itineraries to help you on program.","og_url":"https:\/\/www.selfdrive-4wdmadatours.com\/?page_id=2234","og_site_name":"Self Drive 4WD Madagascar","article_modified_time":"2026-03-26T12:07:50+00:00","twitter_card":"summary_large_image","twitter_misc":{"Est. reading time":"1 minute"},"schema":{"@context":"https:\/\/schema.org","@graph":[{"@type":"WebPage","@id":"https:\/\/www.selfdrive-4wdmadatours.com\/?page_id=2234","url":"https:\/\/www.selfdrive-4wdmadatours.com\/?page_id=2234","name":"Itinerary madagascar | Self Drive 4WD Madagascar","isPartOf":{"@id":"https:\/\/www.selfdrive-4wdmadatours.com\/#website"},"datePublished":"2020-03-30T20:58:44+00:00","dateModified":"2026-03-26T12:07:50+00:00","description":"To Madagascar, the road is an integral part of the trip. Whether you're looking, we've designed suggested itineraries to help you on program.","breadcrumb":{"@id":"https:\/\/www.selfdrive-4wdmadatours.com\/?page_id=2234#breadcrumb"},"inLanguage":"en-US","potentialAction":[{"@type":"ReadAction","target":["https:\/\/www.selfdrive-4wdmadatours.com\/?page_id=2234"]}]},{"@type":"BreadcrumbList","@id":"https:\/\/www.selfdrive-4wdmadatours.com\/?page_id=2234#breadcrumb","itemListElement":[{"@type":"ListItem","position":1,"name":"Home","item":"https:\/\/www.selfdrive-4wdmadatours.com\/"},{"@type":"ListItem","position":2,"name":"Our Tours"}]},{"@type":"WebSite","@id":"https:\/\/www.selfdrive-4wdmadatours.com\/#website","url":"https:\/\/www.selfdrive-4wdmadatours.com\/","name":"Self Drive 4wd Tours Madagascar","description":"Beautiful One Day, Perfect The Next","publisher":{"@id":"https:\/\/www.selfdrive-4wdmadatours.com\/#organization"},"alternateName":"Madagascar on freedom","potentialAction":[{"@type":"SearchAction","target":{"@type":"EntryPoint","urlTemplate":"https:\/\/www.selfdrive-4wdmadatours.com\/?s={search_term_string}"},"query-input":{"@type":"PropertyValueSpecification","valueRequired":true,"valueName":"search_term_string"}}],"inLanguage":"en-US"},{"@type":"Organization","@id":"https:\/\/www.selfdrive-4wdmadatours.com\/#organization","name":"Self Drive 4wd Tours Madagascar","url":"https:\/\/www.selfdrive-4wdmadatours.com\/","logo":{"@type":"ImageObject","inLanguage":"en-US","@id":"https:\/\/www.selfdrive-4wdmadatours.com\/#\/schema\/logo\/image\/","url":"https:\/\/www.selfdrive-4wdmadatours.com\/wp-content\/uploads\/2017\/05\/cropped-logoself-1.jpg","contentUrl":"https:\/\/www.selfdrive-4wdmadatours.com\/wp-content\/uploads\/2017\/05\/cropped-logoself-1.jpg","width":159,"height":159,"caption":"Self Drive 4wd Tours Madagascar"},"image":{"@id":"https:\/\/www.selfdrive-4wdmadatours.com\/#\/schema\/logo\/image\/"}}]}},"_links":{"self":[{"href":"https:\/\/www.selfdrive-4wdmadatours.com\/index.php?rest_route=\/wp\/v2\/pages\/2234","targetHints":{"allow":["GET"]}}],"collection":[{"href":"https:\/\/www.selfdrive-4wdmadatours.com\/index.php?rest_route=\/wp\/v2\/pages"}],"about":[{"href":"https:\/\/www.selfdrive-4wdmadatours.com\/index.php?rest_route=\/wp\/v2\/types\/page"}],"author":[{"embeddable":true,"href":"https:\/\/www.selfdrive-4wdmadatours.com\/index.php?rest_route=\/wp\/v2\/users\/2"}],"replies":[{"embeddable":true,"href":"https:\/\/www.selfdrive-4wdmadatours.com\/index.php?rest_route=%2Fwp%2Fv2%2Fcomments&post=2234"}],"version-history":[{"count":6,"href":"https:\/\/www.selfdrive-4wdmadatours.com\/index.php?rest_route=\/wp\/v2\/pages\/2234\/revisions"}],"predecessor-version":[{"id":3987,"href":"https:\/\/www.selfdrive-4wdmadatours.com\/index.php?rest_route=\/wp\/v2\/pages\/2234\/revisions\/3987"}],"wp:attachment":[{"href":"https:\/\/www.selfdrive-4wdmadatours.com\/index.php?rest_route=%2Fwp%2Fv2%2Fmedia&parent=2234"}],"curies":[{"name":"wp","href":"https:\/\/api.w.org\/{rel}","templated":true}]}}