{"id":2340,"date":"2020-04-02T15:33:26","date_gmt":"2020-04-02T14:33:26","guid":{"rendered":"https:\/\/www.selfdrive-4wdmadatours.com\/?page_id=2340"},"modified":"2026-03-26T12:16:06","modified_gmt":"2026-03-26T12:16:06","slug":"cruise-madagascar","status":"publish","type":"page","link":"https:\/\/www.selfdrive-4wdmadatours.com\/?page_id=2340","title":{"rendered":"Our Cruises"},"content":{"rendered":"[vc_row][vc_column]<div class=\"widget widget-sidebar \"><div class=\"s-title\"><h2>Explore our latest cruises<\/h2><\/div><div class=\"deals\"><div class=\"row\"><article data-cruise-id=\"396\" class=\"cruise_item one-fourth\"><div><a href=\"https:\/\/www.selfdrive-4wdmadatours.com\/?cruise=the-adventure-trip-along-the-rn5\" title=\"The adventure trip along the RN5\"><figure><img loading=\"lazy\" decoding=\"async\" width=\"400\" height=\"300\" src=\"https:\/\/www.selfdrive-4wdmadatours.com\/wp-content\/uploads\/2017\/05\/1-The-adventure-trip-along-the-RN10-400x300.jpg\" class=\"attachment-thumbnail size-thumbnail wp-post-image\" alt=\"\" title=\"1-The adventure trip along the RN10\" \/><\/figure><\/a><div class=\"details hide-description hide-rating hide-locations \"><div class='item-header'><h3><a href=\"https:\/\/www.selfdrive-4wdmadatours.com\/?cruise=the-adventure-trip-along-the-rn5\" title=\"The adventure trip along the RN5\">The adventure trip along the RN5<\/a><\/h3><\/div>\t\t<div class=\"item_price\" style=\"display:none\">\n\t\t\tFrom \t\t\t\t\t\t<span class=\"price\">\n\t\t\t\t<em>\n\t\t\t\t\t\t\t\t<span class=\"curr\"><\/span>\n\t\t\t\t<span class=\"amount\"><\/span>\n\t\t\t\t\t\t\t\t<\/em>\n\t\t\t<\/span>\n\t\t\t\t<\/div>\n\t\t<div class='actions'><a href='https:\/\/www.selfdrive-4wdmadatours.com\/?cruise=the-adventure-trip-along-the-rn5' class='gradient-button edit-entity'  data-id='396'  title='Book now'>Book now<\/a><\/div><\/div><!--\/\/details--><a href=\"https:\/\/www.selfdrive-4wdmadatours.com\/?cruise=the-adventure-trip-along-the-rn5\" class=\"overlay-link\"><\/a><\/div><\/article><!--\/\/cruise_item--><article data-cruise-id=\"395\" class=\"cruise_item one-fourth\"><div><a href=\"https:\/\/www.selfdrive-4wdmadatours.com\/?cruise=pangalanes-cruise-in-madagascar\" title=\"Pangalanes cruise in Madagascar\"><figure><img loading=\"lazy\" decoding=\"async\" width=\"400\" height=\"300\" src=\"https:\/\/www.selfdrive-4wdmadatours.com\/wp-content\/uploads\/2017\/05\/Pangalanes-cruise-in-Madagascar11-400x300.jpg\" class=\"attachment-thumbnail size-thumbnail wp-post-image\" alt=\"\" title=\"Pangalanes cruise in Madagascar11\" \/><\/figure><\/a><div class=\"details hide-description hide-rating hide-locations \"><div class='item-header'><h3><a href=\"https:\/\/www.selfdrive-4wdmadatours.com\/?cruise=pangalanes-cruise-in-madagascar\" title=\"Pangalanes cruise in Madagascar\">Pangalanes cruise in Madagascar<\/a><\/h3><\/div>\t\t<div class=\"item_price\" style=\"display:none\">\n\t\t\tFrom \t\t\t\t\t\t<span class=\"price\">\n\t\t\t\t<em>\n\t\t\t\t\t\t\t\t<span class=\"curr\"><\/span>\n\t\t\t\t<span class=\"amount\"><\/span>\n\t\t\t\t\t\t\t\t<\/em>\n\t\t\t<\/span>\n\t\t\t\t<\/div>\n\t\t<div class='actions'><a href='https:\/\/www.selfdrive-4wdmadatours.com\/?cruise=pangalanes-cruise-in-madagascar' class='gradient-button edit-entity'  data-id='395'  title='Book now'>Book now<\/a><\/div><\/div><!--\/\/details--><a href=\"https:\/\/www.selfdrive-4wdmadatours.com\/?cruise=pangalanes-cruise-in-madagascar\" class=\"overlay-link\"><\/a><\/div><\/article><!--\/\/cruise_item--><article data-cruise-id=\"362\" class=\"cruise_item one-fourth\"><div><a href=\"https:\/\/www.selfdrive-4wdmadatours.com\/?cruise=nosy-be-cruise\" title=\"Nosy Be &#8211; Sail all the Blue Bays of the Be!\"><figure><img loading=\"lazy\" decoding=\"async\" width=\"400\" height=\"300\" src=\"https:\/\/www.selfdrive-4wdmadatours.com\/wp-content\/uploads\/2017\/05\/nosy-be-cruise5-400x300.jpg\" class=\"attachment-thumbnail size-thumbnail wp-post-image\" alt=\"\" title=\"nosy-be-cruise5\" \/><\/figure><\/a><div class=\"details hide-description hide-rating hide-locations \"><div class='item-header'><h3><a href=\"https:\/\/www.selfdrive-4wdmadatours.com\/?cruise=nosy-be-cruise\" title=\"Nosy Be &#8211; Sail all the Blue Bays of the Be!\">Nosy Be &#8211; Sail all the Blue Bays of the Be!<\/a><\/h3><\/div>\t\t<div class=\"item_price\" style=\"display:none\">\n\t\t\tFrom \t\t\t\t\t\t<span class=\"price\">\n\t\t\t\t<em>\n\t\t\t\t\t\t\t\t<span class=\"curr\"><\/span>\n\t\t\t\t<span class=\"amount\"><\/span>\n\t\t\t\t\t\t\t\t<\/em>\n\t\t\t<\/span>\n\t\t\t\t<\/div>\n\t\t<div class='actions'><a href='https:\/\/www.selfdrive-4wdmadatours.com\/?cruise=nosy-be-cruise' class='gradient-button edit-entity'  data-id='362'  title='Book now'>Book now<\/a><\/div><\/div><!--\/\/details--><a href=\"https:\/\/www.selfdrive-4wdmadatours.com\/?cruise=nosy-be-cruise\" class=\"overlay-link\"><\/a><\/div><\/article><!--\/\/cruise_item--><article data-cruise-id=\"392\" class=\"cruise_item one-fourth\"><div><a href=\"https:\/\/www.selfdrive-4wdmadatours.com\/?cruise=descent-of-tsiribihina-river\" title=\"Descent of Tsiribihina River\"><figure><img loading=\"lazy\" decoding=\"async\" width=\"400\" height=\"300\" src=\"https:\/\/www.selfdrive-4wdmadatours.com\/wp-content\/uploads\/2017\/05\/Descent-of-Tsiribihina-River4-400x300.jpg\" class=\"attachment-thumbnail size-thumbnail wp-post-image\" alt=\"\" title=\"Descent of Tsiribihina River4\" \/><\/figure><\/a><div class=\"details hide-description hide-rating hide-locations \"><div class='item-header'><h3><a href=\"https:\/\/www.selfdrive-4wdmadatours.com\/?cruise=descent-of-tsiribihina-river\" title=\"Descent of Tsiribihina River\">Descent of Tsiribihina River<\/a><\/h3><\/div>\t\t<div class=\"item_price\" style=\"display:none\">\n\t\t\tFrom \t\t\t\t\t\t<span class=\"price\">\n\t\t\t\t<em>\n\t\t\t\t\t\t\t\t<span class=\"curr\"><\/span>\n\t\t\t\t<span class=\"amount\"><\/span>\n\t\t\t\t\t\t\t\t<\/em>\n\t\t\t<\/span>\n\t\t\t\t<\/div>\n\t\t<div class='actions'><a href='https:\/\/www.selfdrive-4wdmadatours.com\/?cruise=descent-of-tsiribihina-river' class='gradient-button edit-entity'  data-id='392'  title='Book now'>Book now<\/a><\/div><\/div><!--\/\/details--><a href=\"https:\/\/www.selfdrive-4wdmadatours.com\/?cruise=descent-of-tsiribihina-river\" class=\"overlay-link\"><\/a><\/div><\/article><!--\/\/cruise_item--><\/div><!--row--><\/div><!--deals--><\/div>[\/vc_column][\/vc_row][vc_row][vc_column][vc_empty_space][\/vc_column][\/vc_row][vc_row][vc_column][vc_separator][vc_empty_space][\/vc_column][\/vc_row][vc_row][vc_column][vc_column_text]\n<h1 class=\"fittexted_for_content_h3\"><em>What our Clients say about our Services<\/em><\/h1>\n<p>Testimonials \u2013 Like any company, we are always happy to hear that our services are appreciated. Here are some of the comments that our clients have made.[\/vc_column_text][\/vc_column][\/vc_row][vc_row][vc_column][vc_separator][\/vc_column][\/vc_row][vc_row][vc_column][vc_column_text css_animation=&#8221;fadeInLeftBig&#8221;]<div class=\"tmls tmls_notready tmls_style3_notready style3 large_image \" ><div class=\"tmls_next_prev tmls_visible \">\n\t\t\t\t\t\t\t<a href=\"#\" style=\"background-color:#F5F5F5;\" class=\"tmls_prev large_radius tmls_lightgrayarrows\"><\/a>\n\t\t\t\t\t\t\t<a href=\"#\" style=\"background-color:#F5F5F5;\" class=\"tmls_next large_radius tmls_lightgrayarrows\"><\/a>\n\t\t\t\t\t\t<\/div>\n\t\t\t\t\t\t\n\t\t\t\t\t\t<div class=\"tmls_container tmls_slider\" data-autoplay=\"true\" data-pauseonhover=\"false\" data-scrollduration=\"500\" data-pauseduration=\"9000\" data-transitioneffect=\"crossfade\"><div class=\"tmls_item\" style=\"border-color:#DDDDDD;\">\n\t\t\t\t\n\t\t\t\t<div class=\"tmls_text dialog_box small_radius\" style=\" color:#777777; font-size:14px; background-color:#f5f5f5; border-color:#DDDDDD;\">Nous sommes tr\u00e8s satisfais des services et voyages effectu\u00e9s avec SelfDrive Mada. Ce sont des vraie professionnels du m\u00e9tiers. Merci encore \u00e0 tous<span class=\"tmls_arrow\">\n\t\t\t\t<svg version=\"1.1\" id=\"Layer_1\" xmlns=\"http:\/\/www.w3.org\/2000\/svg\" xmlns:xlink=\"http:\/\/www.w3.org\/1999\/xlink\" x=\"0px\" y=\"0px\"\n\t\t\t\t\t width=\"20px\" height=\"11px\" viewBox=\"0 0 20 11\" enable-background=\"new 0 0 20 11\" xml:space=\"preserve\">\n\t\t\t\t<polygon fill=\"#f5f5f5\" points=\"10,10.05 2,0 10.002,0 18.005,0 \"\/>\n\t\t\t\t<polyline fill=\"none\" stroke=\"#DDDDDD\" stroke-miterlimit=\"10\" points=\"20,0.5 18,0.5 10,10.05 2,0.5 0,0.5 \"\/>\n\t\t\t\t<\/svg>\n\t\t\t\t<\/span><\/div>\n\t\t\t\t\n\t\t\t\t<div class=\"tmls_image_position\">\n\t\t\t\t\t<div class=\"tmls_image large_radius\" style=\"\"><\/div>\n\t\t\t\t\n\t\t\t\t\t<div class=\"tmls_name\" style=\" color:#777777; font-size:15px; font-weight:bold;\">Gilbert<\/div>\n\t\t\t\t\t<div class=\"tmls_position\" style=\" color:#777777; font-size:12px;\">France<\/div>\t<\/div>\n\t\t\t\t\n\n\t\t\t<\/div><\/div><\/div>[\/vc_column_text][\/vc_column][\/vc_row][vc_row][vc_column][vc_empty_space height=&#8221;50px&#8221;][\/vc_column][\/vc_row][vc_row][vc_column][vc_zigzag][\/vc_column][\/vc_row][vc_row][vc_column][vc_empty_space][\/vc_column][\/vc_row][vc_row][vc_column width=&#8221;1\/3&#8243;][vc_single_image image=&#8221;2322&#8243; img_size=&#8221;full&#8221; style=&#8221;vc_box_shadow_3d&#8221; css_animation=&#8221;fadeInLeftBig&#8221;][\/vc_column][vc_column width=&#8221;1\/3&#8243;][vc_single_image image=&#8221;2127&#8243; img_size=&#8221;full&#8221; style=&#8221;vc_box_shadow_3d&#8221; css_animation=&#8221;fadeInUp&#8221;][\/vc_column][vc_column width=&#8221;1\/3&#8243;][vc_single_image image=&#8221;2121&#8243; img_size=&#8221;full&#8221; style=&#8221;vc_box_shadow_3d&#8221; css_animation=&#8221;fadeInRightBig&#8221;][\/vc_column][\/vc_row][vc_row][vc_column][vc_empty_space][\/vc_column][\/vc_row][vc_row][vc_column][vc_separator][\/vc_column][\/vc_row][vc_row][vc_column][vc_empty_space][\/vc_column][\/vc_row][vc_row][vc_column]<div class=\"widget widget-sidebar \"><div class=\"s-title\"><h2>Explore our latest tours<\/h2><\/div><div class=\"deals\"><div class=\"row\"><article data-tour-id=\"273\" class=\"tour_item one-fourth\"><div><a href=\"https:\/\/www.selfdrive-4wdmadatours.com\/?tour=train-of-manakara\" title=\"SOUTH-EAST BY GREEN TRAIN\"><figure><img loading=\"lazy\" decoding=\"async\" width=\"400\" height=\"300\" src=\"https:\/\/www.selfdrive-4wdmadatours.com\/wp-content\/uploads\/2017\/05\/1-TRAIN-MANAKARA-400x300.jpg\" class=\"attachment-thumbnail size-thumbnail wp-post-image\" alt=\"\" title=\"1-TRAIN-MANAKARA\" \/><\/figure><\/a><div class=\"details hide-description hide-rating hide-address \"><div class='item-header'><h3><a href=\"https:\/\/www.selfdrive-4wdmadatours.com\/?tour=train-of-manakara\" title=\"SOUTH-EAST BY GREEN TRAIN\">SOUTH-EAST BY GREEN TRAIN<\/a><\/h3><\/div>\t\t<div class=\"item_price\" style=\"display:none\">\n\t\t\tFrom\t\t\t\t\t\t<span class=\"price\">\n\t\t\t\t<em>\n\t\t\t\t\t\t\t\t<span class=\"curr\"><\/span>\n\t\t\t\t<span class=\"amount\"><\/span>\n\t\t\t\t\t\t\t\t<\/em>\n\t\t\t<\/span>\n\t\t\t\t<\/div>\n\t\t<div class='actions'><a href='https:\/\/www.selfdrive-4wdmadatours.com\/?tour=train-of-manakara' class='gradient-button edit-entity'  data-id='273'  title='Book now'>Book now<\/a><\/div><\/div><!--\/\/details--><a href=\"https:\/\/www.selfdrive-4wdmadatours.com\/?tour=train-of-manakara\" class=\"overlay-link\"><\/a><\/div><\/article><!--\/\/tour_item--><article data-tour-id=\"244\" class=\"tour_item one-fourth\"><div><a href=\"https:\/\/www.selfdrive-4wdmadatours.com\/?tour=rainforest-wild-life\" title=\"Rainforest Wild Life\"><figure><img loading=\"lazy\" decoding=\"async\" width=\"400\" height=\"300\" src=\"https:\/\/www.selfdrive-4wdmadatours.com\/wp-content\/uploads\/2017\/04\/rainforest-lemurs-400x300.jpg\" class=\"attachment-thumbnail size-thumbnail wp-post-image\" alt=\"\" title=\"rainforest-lemurs\" \/><\/figure><\/a><div class=\"details hide-description hide-rating hide-address \"><div class='item-header'><h3><a href=\"https:\/\/www.selfdrive-4wdmadatours.com\/?tour=rainforest-wild-life\" title=\"Rainforest Wild Life\">Rainforest Wild Life<\/a><\/h3><\/div>\t\t<div class=\"item_price\" style=\"display:none\">\n\t\t\tFrom\t\t\t\t\t\t<span class=\"price\">\n\t\t\t\t<em>\n\t\t\t\t\t\t\t\t<span class=\"curr\"><\/span>\n\t\t\t\t<span class=\"amount\"><\/span>\n\t\t\t\t\t\t\t\t<\/em>\n\t\t\t<\/span>\n\t\t\t\t<\/div>\n\t\t<div class='actions'><a href='https:\/\/www.selfdrive-4wdmadatours.com\/?tour=rainforest-wild-life' class='gradient-button edit-entity'  data-id='244'  title='Book now'>Book now<\/a><\/div><\/div><!--\/\/details--><a href=\"https:\/\/www.selfdrive-4wdmadatours.com\/?tour=rainforest-wild-life\" class=\"overlay-link\"><\/a><\/div><\/article><!--\/\/tour_item--><article data-tour-id=\"341\" class=\"tour_item one-fourth\"><div><a href=\"https:\/\/www.selfdrive-4wdmadatours.com\/?tour=northern-tours\" title=\"Northern Tours\"><figure><img loading=\"lazy\" decoding=\"async\" width=\"400\" height=\"300\" src=\"https:\/\/www.selfdrive-4wdmadatours.com\/wp-content\/uploads\/2017\/05\/Northern-Tours-400x300.jpg\" class=\"attachment-thumbnail size-thumbnail wp-post-image\" alt=\"\" title=\"Northern Tours\" \/><\/figure><\/a><div class=\"details hide-description hide-rating hide-address \"><div class='item-header'><h3><a href=\"https:\/\/www.selfdrive-4wdmadatours.com\/?tour=northern-tours\" title=\"Northern Tours\">Northern Tours<\/a><\/h3><\/div>\t\t<div class=\"item_price\" style=\"display:none\">\n\t\t\tFrom\t\t\t\t\t\t<span class=\"price\">\n\t\t\t\t<em>\n\t\t\t\t\t\t\t\t<span class=\"curr\"><\/span>\n\t\t\t\t<span class=\"amount\"><\/span>\n\t\t\t\t\t\t\t\t<\/em>\n\t\t\t<\/span>\n\t\t\t\t<\/div>\n\t\t<div class='actions'><a href='https:\/\/www.selfdrive-4wdmadatours.com\/?tour=northern-tours' class='gradient-button edit-entity'  data-id='341'  title='Book now'>Book now<\/a><\/div><\/div><!--\/\/details--><a href=\"https:\/\/www.selfdrive-4wdmadatours.com\/?tour=northern-tours\" class=\"overlay-link\"><\/a><\/div><\/article><!--\/\/tour_item--><article data-tour-id=\"246\" class=\"tour_item one-fourth\"><div><a href=\"https:\/\/www.selfdrive-4wdmadatours.com\/?tour=madagascar-highland-first-high-view\" title=\"Madagascar Highland first high view\"><figure><img loading=\"lazy\" decoding=\"async\" width=\"400\" height=\"300\" src=\"https:\/\/www.selfdrive-4wdmadatours.com\/wp-content\/uploads\/2017\/04\/Geyser-and-hot-water-spring-Ampefy-400x300.jpg\" class=\"attachment-thumbnail size-thumbnail wp-post-image\" alt=\"\" title=\"Geyser and hot water spring - Ampefy\" \/><\/figure><\/a><div class=\"details hide-description hide-rating hide-address \"><div class='item-header'><h3><a href=\"https:\/\/www.selfdrive-4wdmadatours.com\/?tour=madagascar-highland-first-high-view\" title=\"Madagascar Highland first high view\">Madagascar Highland first high view<\/a><\/h3><\/div>\t\t<div class=\"item_price\" style=\"display:none\">\n\t\t\tFrom\t\t\t\t\t\t<span class=\"price\">\n\t\t\t\t<em>\n\t\t\t\t\t\t\t\t<span class=\"curr\"><\/span>\n\t\t\t\t<span class=\"amount\"><\/span>\n\t\t\t\t\t\t\t\t<\/em>\n\t\t\t<\/span>\n\t\t\t\t<\/div>\n\t\t<div class='actions'><a href='https:\/\/www.selfdrive-4wdmadatours.com\/?tour=madagascar-highland-first-high-view' class='gradient-button edit-entity'  data-id='246'  title='Book now'>Book now<\/a><\/div><\/div><!--\/\/details--><a href=\"https:\/\/www.selfdrive-4wdmadatours.com\/?tour=madagascar-highland-first-high-view\" class=\"overlay-link\"><\/a><\/div><\/article><!--\/\/tour_item--><\/div><!--row--><\/div><!--deals--><\/div>[\/vc_column][\/vc_row]\n","protected":false},"excerpt":{"rendered":"<p>[vc_row][vc_column][\/vc_column][\/vc_row][vc_row][vc_column][vc_empty_space][\/vc_column][\/vc_row][vc_row][vc_column][vc_separator][vc_empty_space][\/vc_column][\/vc_row][vc_row][vc_column][vc_column_text] What our Clients say about our Services Testimonials \u2013 Like any company, we are always happy to hear that our services are appreciated. Here are some of the comments that our clients have made.[\/vc_column_text][\/vc_column][\/vc_row][vc_row][vc_column][vc_separator][\/vc_column][\/vc_row][vc_row][vc_column][vc_column_text css_animation=&#8221;fadeInLeftBig&#8221;][\/vc_column_text][\/vc_column][\/vc_row][vc_row][vc_column][vc_empty_space height=&#8221;50px&#8221;][\/vc_column][\/vc_row][vc_row][vc_column][vc_zigzag][\/vc_column][\/vc_row][vc_row][vc_column][vc_empty_space][\/vc_column][\/vc_row][vc_row][vc_column width=&#8221;1\/3&#8243;][vc_single_image image=&#8221;2322&#8243; img_size=&#8221;full&#8221; style=&#8221;vc_box_shadow_3d&#8221; css_animation=&#8221;fadeInLeftBig&#8221;][\/vc_column][vc_column width=&#8221;1\/3&#8243;][vc_single_image image=&#8221;2127&#8243; img_size=&#8221;full&#8221; style=&#8221;vc_box_shadow_3d&#8221; css_animation=&#8221;fadeInUp&#8221;][\/vc_column][vc_column width=&#8221;1\/3&#8243;][vc_single_image image=&#8221;2121&#8243; img_size=&#8221;full&#8221; style=&#8221;vc_box_shadow_3d&#8221; css_animation=&#8221;fadeInRightBig&#8221;][\/vc_column][\/vc_row][vc_row][vc_column][vc_empty_space][\/vc_column][\/vc_row][vc_row][vc_column][vc_separator][\/vc_column][\/vc_row][vc_row][vc_column][vc_empty_space][\/vc_column][\/vc_row][vc_row][vc_column][\/vc_column][\/vc_row]<\/p>\n","protected":false},"author":2,"featured_media":0,"parent":0,"menu_order":0,"comment_status":"closed","ping_status":"closed","template":"","meta":{"footnotes":""},"class_list":["post-2340","page","type-page","status-publish","hentry"],"yoast_head":"<!-- This site is optimized with the Yoast SEO plugin v27.1.1 - https:\/\/yoast.com\/product\/yoast-seo-wordpress\/ -->\n<title>Overland+cruise| Self Drive 4WD Madagascar<\/title>\n<meta name=\"description\" content=\"Madagascar is a land of differents trip and offer also possibilities for cruise+overland during the journey.\" \/>\n<meta name=\"robots\" content=\"index, follow, max-snippet:-1, max-image-preview:large, max-video-preview:-1\" \/>\n<link rel=\"canonical\" href=\"https:\/\/www.selfdrive-4wdmadatours.com\/?page_id=2340\" \/>\n<meta property=\"og:locale\" content=\"en_US\" \/>\n<meta property=\"og:type\" content=\"article\" \/>\n<meta property=\"og:title\" content=\"Overland+cruise| Self Drive 4WD Madagascar\" \/>\n<meta property=\"og:description\" content=\"Madagascar is a land of differents trip and offer also possibilities for cruise+overland during the journey.\" \/>\n<meta property=\"og:url\" content=\"https:\/\/www.selfdrive-4wdmadatours.com\/?page_id=2340\" \/>\n<meta property=\"og:site_name\" content=\"Self Drive 4WD Madagascar\" \/>\n<meta property=\"article:modified_time\" content=\"2026-03-26T12:16:06+00:00\" \/>\n<meta name=\"twitter:card\" content=\"summary_large_image\" \/>\n<meta name=\"twitter:label1\" content=\"Est. reading time\" \/>\n\t<meta name=\"twitter:data1\" content=\"1 minute\" \/>\n<script type=\"application\/ld+json\" class=\"yoast-schema-graph\">{\"@context\":\"https:\/\/schema.org\",\"@graph\":[{\"@type\":\"WebPage\",\"@id\":\"https:\/\/www.selfdrive-4wdmadatours.com\/?page_id=2340\",\"url\":\"https:\/\/www.selfdrive-4wdmadatours.com\/?page_id=2340\",\"name\":\"Overland+cruise| Self Drive 4WD Madagascar\",\"isPartOf\":{\"@id\":\"https:\/\/www.selfdrive-4wdmadatours.com\/#website\"},\"datePublished\":\"2020-04-02T14:33:26+00:00\",\"dateModified\":\"2026-03-26T12:16:06+00:00\",\"description\":\"Madagascar is a land of differents trip and offer also possibilities for cruise+overland during the journey.\",\"breadcrumb\":{\"@id\":\"https:\/\/www.selfdrive-4wdmadatours.com\/?page_id=2340#breadcrumb\"},\"inLanguage\":\"en-US\",\"potentialAction\":[{\"@type\":\"ReadAction\",\"target\":[\"https:\/\/www.selfdrive-4wdmadatours.com\/?page_id=2340\"]}]},{\"@type\":\"BreadcrumbList\",\"@id\":\"https:\/\/www.selfdrive-4wdmadatours.com\/?page_id=2340#breadcrumb\",\"itemListElement\":[{\"@type\":\"ListItem\",\"position\":1,\"name\":\"Home\",\"item\":\"https:\/\/www.selfdrive-4wdmadatours.com\/\"},{\"@type\":\"ListItem\",\"position\":2,\"name\":\"Our Cruises\"}]},{\"@type\":\"WebSite\",\"@id\":\"https:\/\/www.selfdrive-4wdmadatours.com\/#website\",\"url\":\"https:\/\/www.selfdrive-4wdmadatours.com\/\",\"name\":\"Self Drive 4wd Tours Madagascar\",\"description\":\"Beautiful One Day, Perfect The Next\",\"publisher\":{\"@id\":\"https:\/\/www.selfdrive-4wdmadatours.com\/#organization\"},\"alternateName\":\"Madagascar on freedom\",\"potentialAction\":[{\"@type\":\"SearchAction\",\"target\":{\"@type\":\"EntryPoint\",\"urlTemplate\":\"https:\/\/www.selfdrive-4wdmadatours.com\/?s={search_term_string}\"},\"query-input\":{\"@type\":\"PropertyValueSpecification\",\"valueRequired\":true,\"valueName\":\"search_term_string\"}}],\"inLanguage\":\"en-US\"},{\"@type\":\"Organization\",\"@id\":\"https:\/\/www.selfdrive-4wdmadatours.com\/#organization\",\"name\":\"Self Drive 4wd Tours Madagascar\",\"url\":\"https:\/\/www.selfdrive-4wdmadatours.com\/\",\"logo\":{\"@type\":\"ImageObject\",\"inLanguage\":\"en-US\",\"@id\":\"https:\/\/www.selfdrive-4wdmadatours.com\/#\/schema\/logo\/image\/\",\"url\":\"https:\/\/www.selfdrive-4wdmadatours.com\/wp-content\/uploads\/2017\/05\/cropped-logoself-1.jpg\",\"contentUrl\":\"https:\/\/www.selfdrive-4wdmadatours.com\/wp-content\/uploads\/2017\/05\/cropped-logoself-1.jpg\",\"width\":159,\"height\":159,\"caption\":\"Self Drive 4wd Tours Madagascar\"},\"image\":{\"@id\":\"https:\/\/www.selfdrive-4wdmadatours.com\/#\/schema\/logo\/image\/\"}}]}<\/script>\n<!-- \/ Yoast SEO plugin. -->","yoast_head_json":{"title":"Overland+cruise| Self Drive 4WD Madagascar","description":"Madagascar is a land of differents trip and offer also possibilities for cruise+overland during the journey.","robots":{"index":"index","follow":"follow","max-snippet":"max-snippet:-1","max-image-preview":"max-image-preview:large","max-video-preview":"max-video-preview:-1"},"canonical":"https:\/\/www.selfdrive-4wdmadatours.com\/?page_id=2340","og_locale":"en_US","og_type":"article","og_title":"Overland+cruise| Self Drive 4WD Madagascar","og_description":"Madagascar is a land of differents trip and offer also possibilities for cruise+overland during the journey.","og_url":"https:\/\/www.selfdrive-4wdmadatours.com\/?page_id=2340","og_site_name":"Self Drive 4WD Madagascar","article_modified_time":"2026-03-26T12:16:06+00:00","twitter_card":"summary_large_image","twitter_misc":{"Est. reading time":"1 minute"},"schema":{"@context":"https:\/\/schema.org","@graph":[{"@type":"WebPage","@id":"https:\/\/www.selfdrive-4wdmadatours.com\/?page_id=2340","url":"https:\/\/www.selfdrive-4wdmadatours.com\/?page_id=2340","name":"Overland+cruise| Self Drive 4WD Madagascar","isPartOf":{"@id":"https:\/\/www.selfdrive-4wdmadatours.com\/#website"},"datePublished":"2020-04-02T14:33:26+00:00","dateModified":"2026-03-26T12:16:06+00:00","description":"Madagascar is a land of differents trip and offer also possibilities for cruise+overland during the journey.","breadcrumb":{"@id":"https:\/\/www.selfdrive-4wdmadatours.com\/?page_id=2340#breadcrumb"},"inLanguage":"en-US","potentialAction":[{"@type":"ReadAction","target":["https:\/\/www.selfdrive-4wdmadatours.com\/?page_id=2340"]}]},{"@type":"BreadcrumbList","@id":"https:\/\/www.selfdrive-4wdmadatours.com\/?page_id=2340#breadcrumb","itemListElement":[{"@type":"ListItem","position":1,"name":"Home","item":"https:\/\/www.selfdrive-4wdmadatours.com\/"},{"@type":"ListItem","position":2,"name":"Our Cruises"}]},{"@type":"WebSite","@id":"https:\/\/www.selfdrive-4wdmadatours.com\/#website","url":"https:\/\/www.selfdrive-4wdmadatours.com\/","name":"Self Drive 4wd Tours Madagascar","description":"Beautiful One Day, Perfect The Next","publisher":{"@id":"https:\/\/www.selfdrive-4wdmadatours.com\/#organization"},"alternateName":"Madagascar on freedom","potentialAction":[{"@type":"SearchAction","target":{"@type":"EntryPoint","urlTemplate":"https:\/\/www.selfdrive-4wdmadatours.com\/?s={search_term_string}"},"query-input":{"@type":"PropertyValueSpecification","valueRequired":true,"valueName":"search_term_string"}}],"inLanguage":"en-US"},{"@type":"Organization","@id":"https:\/\/www.selfdrive-4wdmadatours.com\/#organization","name":"Self Drive 4wd Tours Madagascar","url":"https:\/\/www.selfdrive-4wdmadatours.com\/","logo":{"@type":"ImageObject","inLanguage":"en-US","@id":"https:\/\/www.selfdrive-4wdmadatours.com\/#\/schema\/logo\/image\/","url":"https:\/\/www.selfdrive-4wdmadatours.com\/wp-content\/uploads\/2017\/05\/cropped-logoself-1.jpg","contentUrl":"https:\/\/www.selfdrive-4wdmadatours.com\/wp-content\/uploads\/2017\/05\/cropped-logoself-1.jpg","width":159,"height":159,"caption":"Self Drive 4wd Tours Madagascar"},"image":{"@id":"https:\/\/www.selfdrive-4wdmadatours.com\/#\/schema\/logo\/image\/"}}]}},"_links":{"self":[{"href":"https:\/\/www.selfdrive-4wdmadatours.com\/index.php?rest_route=\/wp\/v2\/pages\/2340","targetHints":{"allow":["GET"]}}],"collection":[{"href":"https:\/\/www.selfdrive-4wdmadatours.com\/index.php?rest_route=\/wp\/v2\/pages"}],"about":[{"href":"https:\/\/www.selfdrive-4wdmadatours.com\/index.php?rest_route=\/wp\/v2\/types\/page"}],"author":[{"embeddable":true,"href":"https:\/\/www.selfdrive-4wdmadatours.com\/index.php?rest_route=\/wp\/v2\/users\/2"}],"replies":[{"embeddable":true,"href":"https:\/\/www.selfdrive-4wdmadatours.com\/index.php?rest_route=%2Fwp%2Fv2%2Fcomments&post=2340"}],"version-history":[{"count":14,"href":"https:\/\/www.selfdrive-4wdmadatours.com\/index.php?rest_route=\/wp\/v2\/pages\/2340\/revisions"}],"predecessor-version":[{"id":3988,"href":"https:\/\/www.selfdrive-4wdmadatours.com\/index.php?rest_route=\/wp\/v2\/pages\/2340\/revisions\/3988"}],"wp:attachment":[{"href":"https:\/\/www.selfdrive-4wdmadatours.com\/index.php?rest_route=%2Fwp%2Fv2%2Fmedia&parent=2340"}],"curies":[{"name":"wp","href":"https:\/\/api.w.org\/{rel}","templated":true}]}}